{"id":1362,"date":"2017-08-01T12:07:51","date_gmt":"2017-08-01T12:07:51","guid":{"rendered":"https:\/\/rcisistemas.com.br\/?page_id=1362"},"modified":"2024-01-15T11:31:23","modified_gmt":"2024-01-15T14:31:23","slug":"about-us","status":"publish","type":"page","link":"https:\/\/rcisistemas.com.br\/?page_id=1362","title":{"rendered":"About Us"},"content":{"rendered":"\t\t<div data-elementor-type=\"wp-post\" data-elementor-id=\"1362\" class=\"elementor elementor-1362\">\n\t\t\t\t\t\t\t<div class=\"elementor-element elementor-element-6fa6c25 e-flex e-con-boxed e-con e-parent\" data-id=\"6fa6c25\" data-element_type=\"container\" data-settings=\"{&quot;background_background&quot;:&quot;classic&quot;,&quot;content_width&quot;:&quot;boxed&quot;}\" data-core-v316-plus=\"true\">\n\t\t\t\t\t<div class=\"e-con-inner\">\n\t\t<div class=\"elementor-element elementor-element-d8519b3 e-con-full e-flex e-con e-child\" data-id=\"d8519b3\" data-element_type=\"container\" data-settings=\"{&quot;content_width&quot;:&quot;full&quot;}\">\n\t\t\t\t<div class=\"elementor-element elementor-element-e03906a elementor-widget elementor-widget-heading\" data-id=\"e03906a\" data-element_type=\"widget\" data-widget_type=\"heading.default\">\n\t\t\t\t<div class=\"elementor-widget-container\">\n\t\t\t<style>\/*! elementor - v3.18.0 - 20-12-2023 *\/\n.elementor-heading-title{padding:0;margin:0;line-height:1}.elementor-widget-heading .elementor-heading-title[class*=elementor-size-]>a{color:inherit;font-size:inherit;line-height:inherit}.elementor-widget-heading .elementor-heading-title.elementor-size-small{font-size:15px}.elementor-widget-heading .elementor-heading-title.elementor-size-medium{font-size:19px}.elementor-widget-heading .elementor-heading-title.elementor-size-large{font-size:29px}.elementor-widget-heading .elementor-heading-title.elementor-size-xl{font-size:39px}.elementor-widget-heading .elementor-heading-title.elementor-size-xxl{font-size:59px}<\/style><h1 class=\"elementor-heading-title elementor-size-default\">Quem somos<\/h1>\t\t<\/div>\n\t\t\t\t<\/div>\n\t\t\t\t<div class=\"elementor-element elementor-element-9d20233 elementor-widget elementor-widget-heading\" data-id=\"9d20233\" data-element_type=\"widget\" data-widget_type=\"heading.default\">\n\t\t\t\t<div class=\"elementor-widget-container\">\n\t\t\t<h4 class=\"elementor-heading-title elementor-size-default\">A RCI SISTEMAS DE APOIO \u00c0 DECIS\u00c3O foi criada em 2012, j\u00e1 entregou v\u00e1rios projetos de desenvolvimento de software e de consultoria, principalmente nas \u00e1reas de atendimento ao cliente, call center, projeto de telefonia IP, 0800, CRM. Possui em seu quadro colaboradores com mais de 30 anos de experi\u00eancia na \u00e1reas: gest\u00e3o de projetos, desenvolvimento de software e governan\u00e7a de TI.\n<\/h4>\t\t<\/div>\n\t\t\t\t<\/div>\n\t\t\t\t<\/div>\n\t\t\t\t\t<\/div>\n\t\t\t\t<\/div>\n\t\t<div class=\"elementor-element elementor-element-8929ce2 e-con-full e-flex e-con e-parent\" data-id=\"8929ce2\" data-element_type=\"container\" data-settings=\"{&quot;content_width&quot;:&quot;full&quot;,&quot;background_background&quot;:&quot;classic&quot;}\" data-core-v316-plus=\"true\">\n\t\t\t\t<div class=\"elementor-element elementor-element-10d9959 elementor-widget elementor-widget-heading\" data-id=\"10d9959\" data-element_type=\"widget\" data-widget_type=\"heading.default\">\n\t\t\t\t<div class=\"elementor-widget-container\">\n\t\t\t<h2 class=\"elementor-heading-title elementor-size-default\">Miss\u00e3o: <\/h2>\t\t<\/div>\n\t\t\t\t<\/div>\n\t\t\t\t<div class=\"elementor-element elementor-element-e6195b3 elementor-widget elementor-widget-text-editor\" data-id=\"e6195b3\" data-element_type=\"widget\" data-widget_type=\"text-editor.default\">\n\t\t\t\t<div class=\"elementor-widget-container\">\n\t\t\t<style>\/*! elementor - v3.18.0 - 20-12-2023 *\/\n.elementor-widget-text-editor.elementor-drop-cap-view-stacked .elementor-drop-cap{background-color:#69727d;color:#fff}.elementor-widget-text-editor.elementor-drop-cap-view-framed .elementor-drop-cap{color:#69727d;border:3px solid;background-color:transparent}.elementor-widget-text-editor:not(.elementor-drop-cap-view-default) .elementor-drop-cap{margin-top:8px}.elementor-widget-text-editor:not(.elementor-drop-cap-view-default) .elementor-drop-cap-letter{width:1em;height:1em}.elementor-widget-text-editor .elementor-drop-cap{float:left;text-align:center;line-height:1;font-size:50px}.elementor-widget-text-editor .elementor-drop-cap-letter{display:inline-block}<\/style>\t\t\t\t<h2>Fornecer solu\u00e7\u00f5es inovadoras que contribuam para o sucesso de seus neg\u00f3cios.<\/h2>\t\t\t\t\t\t<\/div>\n\t\t\t\t<\/div>\n\t\t\t\t<div class=\"elementor-element elementor-element-d16d832 elementor-widget elementor-widget-heading\" data-id=\"d16d832\" data-element_type=\"widget\" data-widget_type=\"heading.default\">\n\t\t\t\t<div class=\"elementor-widget-container\">\n\t\t\t<h2 class=\"elementor-heading-title elementor-size-default\">Vis\u00e3o:<\/h2>\t\t<\/div>\n\t\t\t\t<\/div>\n\t\t\t\t<div class=\"elementor-element elementor-element-6b6df03 elementor-widget__width-initial elementor-widget elementor-widget-text-editor\" data-id=\"6b6df03\" data-element_type=\"widget\" data-widget_type=\"text-editor.default\">\n\t\t\t\t<div class=\"elementor-widget-container\">\n\t\t\t\t\t\t\t<h2>Ser refer\u00eancia em inova\u00e7\u00e3o, agilidade e compromisso com a satisfa\u00e7\u00e3o do cliente.\u00a0<\/h2>\t\t\t\t\t\t<\/div>\n\t\t\t\t<\/div>\n\t\t\t\t<\/div>\n\t\t<div class=\"elementor-element elementor-element-8f6b53a e-flex e-con-boxed e-con e-parent\" data-id=\"8f6b53a\" data-element_type=\"container\" data-settings=\"{&quot;background_background&quot;:&quot;classic&quot;,&quot;content_width&quot;:&quot;boxed&quot;}\" data-core-v316-plus=\"true\">\n\t\t\t\t\t<div class=\"e-con-inner\">\n\t\t\t\t<div class=\"elementor-element elementor-element-88899ef elementor-widget elementor-widget-text-editor\" data-id=\"88899ef\" data-element_type=\"widget\" data-widget_type=\"text-editor.default\">\n\t\t\t\t<div class=\"elementor-widget-container\">\n\t\t\t\t\t\t\t<div class=\"react-scroll-to-bottom--css-uofow-79elbk _chat-scroller_1mb7g_32\"><div class=\"react-scroll-to-bottom--css-uofow-1n7m0yu _chat-scroller__scroll_1mb7g_35\"><div class=\"_chat-messages_1mb7g_17\"><div class=\"_chat-messages__inner_1mb7g_21\"><div class=\"_message-item_tj7m6_1\"><div class=\"_message-item__content_tj7m6_9\"><div class=\"_message-content_xioy0_2 _message-content--markdown_xioy0_20\"><h1><span style=\"color: #ffffff;\">Valores:<\/span><\/h1><ul><li><h4><span style=\"color: #ffffff;\">Excel\u00eancia: Buscamos a excel\u00eancia em tudo o que fazemos, desde o desenvolvimento de software at\u00e9 a presta\u00e7\u00e3o de servi\u00e7o de consultoria. Nosso objetivo \u00e9 manter os mais altos padr\u00f5es de qualidade em nossas entregas, assegurando a satisfa\u00e7\u00e3o e o sucesso de nossos clientes.<\/span><\/h4><\/li><li><h4><span style=\"color: #ffffff;\">Inova\u00e7\u00e3o: Estamos constantemente em busca de solu\u00e7\u00f5es inovadoras para atender \u00e0s necessidades em constante evolu\u00e7\u00e3o de nossos clientes. Acreditamos que a inova\u00e7\u00e3o \u00e9 essencial para se destacar no mercado e oferecer as melhores solu\u00e7\u00f5es poss\u00edveis.<\/span><\/h4><\/li><li><h4><span style=\"color: #ffffff;\">Compromisso: Estamos comprometidos em superar as expectativas de nossos clientes e em cumprir nossos prazos e compromissos. Nossa equipe \u00e9 altamente comprometida e dedicada a fornecer resultados de qualidade.<\/span><\/h4><\/li><li><h4><span style=\"color: #ffffff;\">\u00c9tica: Praticamos uma conduta \u00e9tica em todas as nossas atividades, respeitando as leis, as normas e os princ\u00edpios \u00e9ticos do mercado. Procuramos agir com honestidade, transpar\u00eancia e integridade em todos os relacionamentos com nossos clientes, colaboradores e parceiros.<\/span><\/h4><\/li><li><h4><span style=\"color: #ffffff;\">Valoriza\u00e7\u00e3o dos colaboradores: Reconhecemos e valorizamos nossos colaboradores como um dos pilares do nosso sucesso. Proporcionamos um ambiente de trabalho estimulante, oportunidades de desenvolvimento, treinamento e capacita\u00e7\u00e3o constante, al\u00e9m de incentivos para o crescimento profissional.<\/span><\/h4><\/li><\/ul><h4><span style=\"color: #ffffff;\">Com base nesses princ\u00edpios, acreditamos que podemos continuar a ser uma empresa de destaque, fornecendo solu\u00e7\u00f5es de software e consultoria que ajudam nossos clientes a alcan\u00e7ar seus objetivos e a superar desafios em suas respectivas \u00e1reas de atua\u00e7\u00e3o.<\/span><\/h4><\/div><\/div><\/div><\/div><\/div><div class=\"_chat-field-placeholder_1mb7g_84\">\u00a0<\/div><\/div><\/div><div class=\"\">\u00a0<\/div><div class=\"_chat-field_1mb7g_55\"><div class=\"_chat-field__inner_1mb7g_64\"><div class=\"_chat-actions_1vqpd_1\">\u00a0<\/div><\/div><\/div>\t\t\t\t\t\t<\/div>\n\t\t\t\t<\/div>\n\t\t\t\t\t<\/div>\n\t\t\t\t<\/div>\n\t\t\t\t\t\t\t<\/div>\n\t\t","protected":false},"excerpt":{"rendered":"<p>Quem somos A RCI SISTEMAS DE APOIO \u00c0 DECIS\u00c3O foi criada em 2012, j\u00e1 entregou v\u00e1rios projetos de desenvolvimento de software e de consultoria, principalmente nas \u00e1reas de atendimento ao cliente, call center, projeto de telefonia IP, 0800, CRM. Possui em seu quadro colaboradores com mais de 30 anos de experi\u00eancia na \u00e1reas: gest\u00e3o de &hellip;<\/p>\n<p class=\"read-more\"> <a class=\"\" href=\"https:\/\/rcisistemas.com.br\/?page_id=1362\"> <span class=\"screen-reader-text\">About Us<\/span> Read More &raquo;<\/a><\/p>\n","protected":false},"author":1,"featured_media":0,"parent":0,"menu_order":0,"comment_status":"closed","ping_status":"closed","template":"","meta":{"_monsterinsights_skip_tracking":false,"_monsterinsights_sitenote_active":false,"_monsterinsights_sitenote_note":"","_monsterinsights_sitenote_category":0,"site-sidebar-layout":"no-sidebar","site-content-layout":"page-builder","ast-site-content-layout":"","site-content-style":"default","site-sidebar-style":"default","ast-global-header-display":"","ast-banner-title-visibility":"","ast-main-header-display":"","ast-hfb-above-header-display":"","ast-hfb-below-header-display":"","ast-hfb-mobile-header-display":"","site-post-title":"disabled","ast-breadcrumbs-content":"","ast-featured-img":"disabled","footer-sml-layout":"","theme-transparent-header-meta":"","adv-header-id-meta":"","stick-header-meta":"","header-above-stick-meta":"","header-main-stick-meta":"","header-below-stick-meta":"","astra-migrate-meta-layouts":"default","ast-page-background-enabled":"default","ast-page-background-meta":{"desktop":{"background-color":"","background-image":"","background-repeat":"repeat","background-position":"center center","background-size":"auto","background-attachment":"scroll","background-type":"","background-media":"","overlay-type":"","overlay-color":"","overlay-gradient":""},"tablet":{"background-color":"","background-image":"","background-repeat":"repeat","background-position":"center center","background-size":"auto","background-attachment":"scroll","background-type":"","background-media":"","overlay-type":"","overlay-color":"","overlay-gradient":""},"mobile":{"background-color":"","background-image":"","background-repeat":"repeat","background-position":"center center","background-size":"auto","background-attachment":"scroll","background-type":"","background-media":"","overlay-type":"","overlay-color":"","overlay-gradient":""}},"ast-content-background-meta":{"desktop":{"background-color":"var(--ast-global-color-5)","background-image":"","background-repeat":"repeat","background-position":"center center","background-size":"auto","background-attachment":"scroll","background-type":"","background-media":"","overlay-type":"","overlay-color":"","overlay-gradient":""},"tablet":{"background-color":"var(--ast-global-color-5)","background-image":"","background-repeat":"repeat","background-position":"center center","background-size":"auto","background-attachment":"scroll","background-type":"","background-media":"","overlay-type":"","overlay-color":"","overlay-gradient":""},"mobile":{"background-color":"var(--ast-global-color-5)","background-image":"","background-repeat":"repeat","background-position":"center center","background-size":"auto","background-attachment":"scroll","background-type":"","background-media":"","overlay-type":"","overlay-color":"","overlay-gradient":""}},"footnotes":""},"aioseo_notices":[],"_links":{"self":[{"href":"https:\/\/rcisistemas.com.br\/index.php?rest_route=\/wp\/v2\/pages\/1362"}],"collection":[{"href":"https:\/\/rcisistemas.com.br\/index.php?rest_route=\/wp\/v2\/pages"}],"about":[{"href":"https:\/\/rcisistemas.com.br\/index.php?rest_route=\/wp\/v2\/types\/page"}],"author":[{"embeddable":true,"href":"https:\/\/rcisistemas.com.br\/index.php?rest_route=\/wp\/v2\/users\/1"}],"replies":[{"embeddable":true,"href":"https:\/\/rcisistemas.com.br\/index.php?rest_route=%2Fwp%2Fv2%2Fcomments&post=1362"}],"version-history":[{"count":54,"href":"https:\/\/rcisistemas.com.br\/index.php?rest_route=\/wp\/v2\/pages\/1362\/revisions"}],"predecessor-version":[{"id":1953,"href":"https:\/\/rcisistemas.com.br\/index.php?rest_route=\/wp\/v2\/pages\/1362\/revisions\/1953"}],"wp:attachment":[{"href":"https:\/\/rcisistemas.com.br\/index.php?rest_route=%2Fwp%2Fv2%2Fmedia&parent=1362"}],"curies":[{"name":"wp","href":"https:\/\/api.w.org\/{rel}","templated":true}]}}